{"id":52,"date":"2021-03-13T11:42:36","date_gmt":"2021-03-13T11:42:36","guid":{"rendered":"https:\/\/limadeathayde.com.br\/?page_id=52"},"modified":"2023-02-14T13:52:58","modified_gmt":"2023-02-14T13:52:58","slug":"blog","status":"publish","type":"page","link":"https:\/\/ldalaw.com.br\/en\/blog\/","title":{"rendered":"Blog"},"content":{"rendered":"\t\t<div data-elementor-type=\"wp-page\" data-elementor-id=\"52\" class=\"elementor elementor-52\">\n\t\t\t\t\t\t<section class=\"elementor-section elementor-top-section elementor-element elementor-element-3da64bd elementor-section-boxed elementor-section-height-default elementor-section-height-default\" data-id=\"3da64bd\" data-element_type=\"section\" data-settings=\"{&quot;background_background&quot;:&quot;classic&quot;}\">\n\t\t\t\t\t\t<div class=\"elementor-container elementor-column-gap-default\">\n\t\t\t\t\t<div class=\"elementor-column elementor-col-100 elementor-top-column elementor-element elementor-element-7f30bfc\" data-id=\"7f30bfc\" data-element_type=\"column\">\n\t\t\t<div class=\"elementor-widget-wrap elementor-element-populated\">\n\t\t\t\t\t\t<div class=\"elementor-element elementor-element-3aa665d elementor-widget elementor-widget-slider_revolution\" data-id=\"3aa665d\" data-element_type=\"widget\" data-widget_type=\"slider_revolution.default\">\n\t\t\t\t<div class=\"elementor-widget-container\">\n\t\t\t\t\t\n\t\t<div class=\"wp-block-themepunch-revslider\">\n\t\t\t<!-- START The Hub REVOLUTION SLIDER 6.5.8 --><p class=\"rs-p-wp-fix\"><\/p>\n\t\t\t<rs-module-wrap id=\"rev_slider_2_1_wrapper\" data-source=\"gallery\" style=\"visibility:hidden;background:transparent;padding:0;margin:0px auto;margin-top:0;margin-bottom:0;\">\n\t\t\t\t<rs-module id=\"rev_slider_2_1\" style=\"\" data-version=\"6.5.8\">\n\t\t\t\t\t<rs-slides>\n\t\t\t\t\t\t<rs-slide style=\"position: absolute;\" data-key=\"rs-2\" data-title=\"Slide\" data-in=\"o:0;\" data-out=\"a:false;\">\n\t\t\t\t\t\t\t<img fetchpriority=\"high\" decoding=\"async\" src=\"\/\/ldalaw.com.br\/en\/wp-content\/plugins\/revslider\/public\/assets\/assets\/dummy.png\" title=\"Modern data center servers room with neon lights AI iot learning 3d rendering\" width=\"2560\" height=\"1440\" class=\"rev-slidebg tp-rs-img rs-lazyload\" data-lazyload=\"\/\/limadeathayde.com.br\/wp-content\/uploads\/2021\/08\/data-center-server-room-led-perspective-abstract-security-connect-infrastructure-cloud-speed-database_t20_pLbm9P-scaled.jpg\" data-no-retina>\n<!--\n\t\t\t\t\t\t\t--><rs-layer\n\t\t\t\t\t\t\t\tid=\"slider-2-slide-2-layer-0\" \n\t\t\t\t\t\t\t\tdata-type=\"text\"\n\t\t\t\t\t\t\t\tdata-rsp_ch=\"on\"\n\t\t\t\t\t\t\t\tdata-xy=\"xo:39px,39px,39px,22px;yo:154px,154px,154px,81px;\"\n\t\t\t\t\t\t\t\tdata-text=\"w:normal;s:50,50,50,29;l:64,64,64,37;\"\n\t\t\t\t\t\t\t\tdata-frame_0=\"x:0,0,0,0px;y:50,50,50,29px;\"\n\t\t\t\t\t\t\t\tdata-frame_1=\"x:0,0,0,0px;y:0,0,0,0px;sp:1000;\"\n\t\t\t\t\t\t\t\tdata-frame_999=\"o:0;st:w;\"\n\t\t\t\t\t\t\t\tstyle=\"z-index:9;font-family:'Arial', 'Helvetica', 'sans-serif';text-transform:uppercase;\"\n\t\t\t\t\t\t\t>Blog \n\t\t\t\t\t\t\t<\/rs-layer><!--\n\n\t\t\t\t\t\t\t--><rs-layer\n\t\t\t\t\t\t\t\tid=\"slider-2-slide-2-layer-1\" \n\t\t\t\t\t\t\t\tdata-type=\"shape\"\n\t\t\t\t\t\t\t\tdata-rsp_ch=\"on\"\n\t\t\t\t\t\t\t\tdata-xy=\"xo:-590px,-590px,-590px,-228px;yo:-39px,-39px,-39px,-14px;\"\n\t\t\t\t\t\t\t\tdata-text=\"w:normal;s:20,20,20,7;l:0,0,0,9;\"\n\t\t\t\t\t\t\t\tdata-dim=\"w:2344.98px,2344.98px,2344.98px,906px;h:414px,414px,414px,223px;\"\n\t\t\t\t\t\t\t\tdata-frame_999=\"o:0;st:w;\"\n\t\t\t\t\t\t\t\tstyle=\"z-index:8;background-color:rgba(0,0,0,0.25);\"\n\t\t\t\t\t\t\t> \n\t\t\t\t\t\t\t<\/rs-layer><!--\n-->\t\t\t\t\t\t<\/rs-slide>\n\t\t\t\t\t<\/rs-slides>\n\t\t\t\t<\/rs-module>\n\t\t\t\t<script type=\"text\/javascript\">\n\t\t\t\t\tsetREVStartSize({c: 'rev_slider_2_1',rl:[1240,1240,1240,480],el:[350,350,350,180],gw:[1240,1240,1240,480],gh:[350,350,350,180],type:'standard',justify:'',layout:'fullwidth',mh:\"0\"});if (window.RS_MODULES!==undefined && window.RS_MODULES.modules!==undefined && window.RS_MODULES.modules[\"revslider21\"]!==undefined) {window.RS_MODULES.modules[\"revslider21\"].once = false;window.revapi2 = undefined;if (window.RS_MODULES.checkMinimal!==undefined) window.RS_MODULES.checkMinimal()}\n\t\t\t\t<\/script>\n\t\t\t<\/rs-module-wrap>\n\t\t\t<!-- END REVOLUTION SLIDER -->\n<\/div>\n\n\t\t\t\t\t\t<\/div>\n\t\t\t\t<\/div>\n\t\t\t\t\t<\/div>\n\t\t<\/div>\n\t\t\t\t\t<\/div>\n\t\t<\/section>\n\t\t\t\t<section class=\"elementor-section elementor-top-section elementor-element elementor-element-3a2826e elementor-section-boxed elementor-section-height-default elementor-section-height-default\" data-id=\"3a2826e\" data-element_type=\"section\">\n\t\t\t\t\t\t<div class=\"elementor-container elementor-column-gap-default\">\n\t\t\t\t\t<div class=\"elementor-column elementor-col-100 elementor-top-column elementor-element elementor-element-5c0f6f4\" data-id=\"5c0f6f4\" data-element_type=\"column\">\n\t\t\t<div class=\"elementor-widget-wrap elementor-element-populated\">\n\t\t\t\t\t\t<div class=\"elementor-element elementor-element-71faaf6 elementor-grid-3 elementor-grid-tablet-2 elementor-grid-mobile-1 elementor-posts--thumbnail-top elementor-posts--show-avatar elementor-card-shadow-yes elementor-posts__hover-gradient elementor-widget elementor-widget-posts\" data-id=\"71faaf6\" data-element_type=\"widget\" data-settings=\"{&quot;pagination_type&quot;:&quot;numbers&quot;,&quot;cards_columns&quot;:&quot;3&quot;,&quot;cards_columns_tablet&quot;:&quot;2&quot;,&quot;cards_columns_mobile&quot;:&quot;1&quot;,&quot;cards_row_gap&quot;:{&quot;unit&quot;:&quot;px&quot;,&quot;size&quot;:35,&quot;sizes&quot;:[]},&quot;cards_row_gap_tablet&quot;:{&quot;unit&quot;:&quot;px&quot;,&quot;size&quot;:&quot;&quot;,&quot;sizes&quot;:[]},&quot;cards_row_gap_mobile&quot;:{&quot;unit&quot;:&quot;px&quot;,&quot;size&quot;:&quot;&quot;,&quot;sizes&quot;:[]}}\" data-widget_type=\"posts.cards\">\n\t\t\t\t<div class=\"elementor-widget-container\">\n\t\t\t\t\t\t\t<div class=\"elementor-posts-container elementor-posts elementor-posts--skin-cards elementor-grid\">\n\t\t\t\t<article class=\"elementor-post elementor-grid-item post-2444 post type-post status-publish format-standard has-post-thumbnail hentry category-blog category-uncategorized entry has-media\">\n\t\t\t<div class=\"elementor-post__card\">\n\t\t\t\t<a class=\"elementor-post__thumbnail__link\" href=\"https:\/\/ldalaw.com.br\/en\/a-minha-marca-foi-registrada-no-brasil-por-um-concorrente-o-que-posso-fazer-2\/\" ><div class=\"elementor-post__thumbnail\"><img decoding=\"async\" width=\"300\" height=\"188\" src=\"https:\/\/ldalaw.com.br\/en\/wp-content\/uploads\/2022\/02\/01-300x188.jpg\" class=\"attachment-medium size-medium wp-image-2720\" alt=\"\" srcset=\"https:\/\/ldalaw.com.br\/en\/wp-content\/uploads\/2022\/02\/01-300x188.jpg 300w, https:\/\/ldalaw.com.br\/en\/wp-content\/uploads\/2022\/02\/01-768x480.jpg 768w, https:\/\/ldalaw.com.br\/en\/wp-content\/uploads\/2022\/02\/01.jpg 800w\" sizes=\"(max-width: 300px) 100vw, 300px\" \/><\/div><\/a>\n\t\t\t\t<div class=\"elementor-post__badge\">Blog<\/div>\n\t\t\t\t<div class=\"elementor-post__avatar\">\n\t\t\t<img alt='Bernardo Lima de Athayde' src='https:\/\/limadeathayde.com.br\/wp-content\/uploads\/2021\/09\/avatar_user_1_1631716696-128x128.png' srcset='https:\/\/limadeathayde.com.br\/wp-content\/uploads\/2021\/09\/avatar_user_1_1631716696.png 2x' class='avatar avatar-128 photo' height='128' width='128' \/>\t\t<\/div>\n\t\t\t\t<div class=\"elementor-post__text\">\n\t\t\t\t<h3 class=\"elementor-post__title\">\n\t\t\t<a href=\"https:\/\/ldalaw.com.br\/en\/a-minha-marca-foi-registrada-no-brasil-por-um-concorrente-o-que-posso-fazer-2\/\" >\n\t\t\t\tA minha marca foi registrada no Brasil por um concorrente. O que posso fazer?\t\t\t<\/a>\n\t\t<\/h3>\n\t\t\t\t<div class=\"elementor-post__excerpt\">\n\t\t\t<p>Quando falamos de registro de marca, imediatamente nos v\u00eam \u00e0 cabe\u00e7a os direitos e vantagens que o seu propriet\u00e1rio tem sobre o signo distintivo, em<\/p>\n\t\t<\/div>\n\t\t\n\t\t<a class=\"elementor-post__read-more\" href=\"https:\/\/ldalaw.com.br\/en\/a-minha-marca-foi-registrada-no-brasil-por-um-concorrente-o-que-posso-fazer-2\/\" aria-label=\"Leia mais sobre A minha marca foi registrada no Brasil por um concorrente. O que posso fazer?\" >\n\t\t\tRead More \u00bb\t\t<\/a>\n\n\t\t\t\t<\/div>\n\t\t\t\t<div class=\"elementor-post__meta-data\">\n\t\t\t\t\t<span class=\"elementor-post-date\">\n\t\t\tfevereiro 16, 2022\t\t<\/span>\n\t\t\t\t<\/div>\n\t\t\t\t\t<\/div>\n\t\t<\/article>\n\t\t\t\t<\/div>\n\t\t\n\t\t\t\t\t\t<\/div>\n\t\t\t\t<\/div>\n\t\t\t\t\t<\/div>\n\t\t<\/div>\n\t\t\t\t\t<\/div>\n\t\t<\/section>\n\t\t\t\t<\/div>\n\t\t","protected":false},"excerpt":{"rendered":"","protected":false},"author":1,"featured_media":0,"parent":0,"menu_order":0,"comment_status":"closed","ping_status":"closed","template":"","meta":{"ocean_post_layout":"","ocean_both_sidebars_style":"","ocean_both_sidebars_content_width":0,"ocean_both_sidebars_sidebars_width":0,"ocean_sidebar":"0","ocean_second_sidebar":"0","ocean_disable_margins":"enable","ocean_add_body_class":"","ocean_shortcode_before_top_bar":"","ocean_shortcode_after_top_bar":"","ocean_shortcode_before_header":"","ocean_shortcode_after_header":"","ocean_has_shortcode":"","ocean_shortcode_after_title":"","ocean_shortcode_before_footer_widgets":"","ocean_shortcode_after_footer_widgets":"","ocean_shortcode_before_footer_bottom":"","ocean_shortcode_after_footer_bottom":"","ocean_display_top_bar":"default","ocean_display_header":"default","ocean_header_style":"","ocean_center_header_left_menu":"0","ocean_custom_header_template":"0","ocean_custom_logo":0,"ocean_custom_retina_logo":0,"ocean_custom_logo_max_width":0,"ocean_custom_logo_tablet_max_width":0,"ocean_custom_logo_mobile_max_width":0,"ocean_custom_logo_max_height":0,"ocean_custom_logo_tablet_max_height":0,"ocean_custom_logo_mobile_max_height":0,"ocean_header_custom_menu":"0","ocean_menu_typo_font_family":"0","ocean_menu_typo_font_subset":"","ocean_menu_typo_font_size":0,"ocean_menu_typo_font_size_tablet":0,"ocean_menu_typo_font_size_mobile":0,"ocean_menu_typo_font_size_unit":"px","ocean_menu_typo_font_weight":"","ocean_menu_typo_font_weight_tablet":"","ocean_menu_typo_font_weight_mobile":"","ocean_menu_typo_transform":"","ocean_menu_typo_transform_tablet":"","ocean_menu_typo_transform_mobile":"","ocean_menu_typo_line_height":0,"ocean_menu_typo_line_height_tablet":0,"ocean_menu_typo_line_height_mobile":0,"ocean_menu_typo_line_height_unit":"","ocean_menu_typo_spacing":0,"ocean_menu_typo_spacing_tablet":0,"ocean_menu_typo_spacing_mobile":0,"ocean_menu_typo_spacing_unit":"","ocean_menu_link_color":"","ocean_menu_link_color_hover":"","ocean_menu_link_color_active":"","ocean_menu_link_background":"","ocean_menu_link_hover_background":"","ocean_menu_link_active_background":"","ocean_menu_social_links_bg":"","ocean_menu_social_hover_links_bg":"","ocean_menu_social_links_color":"","ocean_menu_social_hover_links_color":"","ocean_disable_title":"default","ocean_disable_heading":"default","ocean_post_title":"","ocean_post_subheading":"","ocean_post_title_style":"","ocean_post_title_background_color":"","ocean_post_title_background":0,"ocean_post_title_bg_image_position":"","ocean_post_title_bg_image_attachment":"","ocean_post_title_bg_image_repeat":"","ocean_post_title_bg_image_size":"","ocean_post_title_height":0,"ocean_post_title_bg_overlay":0.5,"ocean_post_title_bg_overlay_color":"","ocean_disable_breadcrumbs":"default","ocean_breadcrumbs_color":"","ocean_breadcrumbs_separator_color":"","ocean_breadcrumbs_links_color":"","ocean_breadcrumbs_links_hover_color":"","ocean_display_footer_widgets":"default","ocean_display_footer_bottom":"default","ocean_custom_footer_template":"0","_joinchat":[],"footnotes":""},"class_list":["post-52","page","type-page","status-publish","hentry","entry","has-media"],"yoast_head":"<!-- This site is optimized with the Yoast SEO plugin v27.2 - https:\/\/yoast.com\/product\/yoast-seo-wordpress\/ -->\n<title>Blog | Lima de Athayde Advocacia<\/title>\n<meta name=\"robots\" content=\"index, follow, max-snippet:-1, max-image-preview:large, max-video-preview:-1\" \/>\n<link rel=\"canonical\" href=\"https:\/\/ldalaw.com.br\/en\/blog\/\" \/>\n<meta property=\"og:locale\" content=\"pt_BR\" \/>\n<meta property=\"og:type\" content=\"article\" \/>\n<meta property=\"og:title\" content=\"Blog | Lima de Athayde Advocacia\" \/>\n<meta property=\"og:url\" content=\"https:\/\/ldalaw.com.br\/en\/blog\/\" \/>\n<meta property=\"og:site_name\" content=\"Lima de Athayde Advocacia\" \/>\n<meta property=\"article:modified_time\" content=\"2023-02-14T13:52:58+00:00\" \/>\n<meta name=\"twitter:card\" content=\"summary_large_image\" \/>\n<meta name=\"twitter:label1\" content=\"Est. tempo de leitura\" \/>\n\t<meta name=\"twitter:data1\" content=\"2 minutos\" \/>\n<script type=\"application\/ld+json\" class=\"yoast-schema-graph\">{\"@context\":\"https:\/\/schema.org\",\"@graph\":[{\"@type\":\"WebPage\",\"@id\":\"https:\/\/ldalaw.com.br\/en\/blog\/\",\"url\":\"https:\/\/ldalaw.com.br\/en\/blog\/\",\"name\":\"Blog | Lima de Athayde Advocacia\",\"isPartOf\":{\"@id\":\"https:\/\/ldalaw.com.br\/en\/#website\"},\"datePublished\":\"2021-03-13T11:42:36+00:00\",\"dateModified\":\"2023-02-14T13:52:58+00:00\",\"breadcrumb\":{\"@id\":\"https:\/\/ldalaw.com.br\/en\/blog\/#breadcrumb\"},\"inLanguage\":\"pt-BR\",\"potentialAction\":[{\"@type\":\"ReadAction\",\"target\":[\"https:\/\/ldalaw.com.br\/en\/blog\/\"]}]},{\"@type\":\"BreadcrumbList\",\"@id\":\"https:\/\/ldalaw.com.br\/en\/blog\/#breadcrumb\",\"itemListElement\":[{\"@type\":\"ListItem\",\"position\":1,\"name\":\"In\u00edcio\",\"item\":\"https:\/\/ldalaw.com.br\/en\/\"},{\"@type\":\"ListItem\",\"position\":2,\"name\":\"Blog\"}]},{\"@type\":\"WebSite\",\"@id\":\"https:\/\/ldalaw.com.br\/en\/#website\",\"url\":\"https:\/\/ldalaw.com.br\/en\/\",\"name\":\"Lima de Athayde Advocacia\",\"description\":\"Nos chamamos Lima de Athayde e somos um escrit\u00f3rio de advocacia movido por desafios e pela paix\u00e3o pelo que fazemos.  Atuamos na intersec\u00e7\u00e3o da inova\u00e7\u00e3o e do empreendedorismo, motivo pelo qual somos naturalmente direcionados a atender demandas de alto valor agregado, as quais exigem solu\u00e7\u00f5es precisas e eficazes. Nossa pr\u00e1tica n\u00e3o se limita \u00e0 resolu\u00e7\u00e3o de conflitos; buscamos incansavelmente mapear riscos, prevenir preju\u00edzos e identificar oportunidades, abra\u00e7ando nossos clientes e suas metas como sendo nossas.\",\"publisher\":{\"@id\":\"https:\/\/ldalaw.com.br\/en\/#organization\"},\"potentialAction\":[{\"@type\":\"SearchAction\",\"target\":{\"@type\":\"EntryPoint\",\"urlTemplate\":\"https:\/\/ldalaw.com.br\/en\/?s={search_term_string}\"},\"query-input\":{\"@type\":\"PropertyValueSpecification\",\"valueRequired\":true,\"valueName\":\"search_term_string\"}}],\"inLanguage\":\"pt-BR\"},{\"@type\":\"Organization\",\"@id\":\"https:\/\/ldalaw.com.br\/en\/#organization\",\"name\":\"Lima de Athayde Advocacia\",\"url\":\"https:\/\/ldalaw.com.br\/en\/\",\"logo\":{\"@type\":\"ImageObject\",\"inLanguage\":\"pt-BR\",\"@id\":\"https:\/\/ldalaw.com.br\/en\/#\/schema\/logo\/image\/\",\"url\":\"https:\/\/ldalaw.com.br\/en\/wp-content\/uploads\/2021\/03\/LogoLima.png\",\"contentUrl\":\"https:\/\/ldalaw.com.br\/en\/wp-content\/uploads\/2021\/03\/LogoLima.png\",\"width\":2348,\"height\":274,\"caption\":\"Lima de Athayde Advocacia\"},\"image\":{\"@id\":\"https:\/\/ldalaw.com.br\/en\/#\/schema\/logo\/image\/\"}}]}<\/script>\n<!-- \/ Yoast SEO plugin. -->","yoast_head_json":{"title":"Blog | Lima de Athayde Advocacia","robots":{"index":"index","follow":"follow","max-snippet":"max-snippet:-1","max-image-preview":"max-image-preview:large","max-video-preview":"max-video-preview:-1"},"canonical":"https:\/\/ldalaw.com.br\/en\/blog\/","og_locale":"pt_BR","og_type":"article","og_title":"Blog | Lima de Athayde Advocacia","og_url":"https:\/\/ldalaw.com.br\/en\/blog\/","og_site_name":"Lima de Athayde Advocacia","article_modified_time":"2023-02-14T13:52:58+00:00","twitter_card":"summary_large_image","twitter_misc":{"Est. tempo de leitura":"2 minutos"},"schema":{"@context":"https:\/\/schema.org","@graph":[{"@type":"WebPage","@id":"https:\/\/ldalaw.com.br\/en\/blog\/","url":"https:\/\/ldalaw.com.br\/en\/blog\/","name":"Blog | Lima de Athayde Advocacia","isPartOf":{"@id":"https:\/\/ldalaw.com.br\/en\/#website"},"datePublished":"2021-03-13T11:42:36+00:00","dateModified":"2023-02-14T13:52:58+00:00","breadcrumb":{"@id":"https:\/\/ldalaw.com.br\/en\/blog\/#breadcrumb"},"inLanguage":"pt-BR","potentialAction":[{"@type":"ReadAction","target":["https:\/\/ldalaw.com.br\/en\/blog\/"]}]},{"@type":"BreadcrumbList","@id":"https:\/\/ldalaw.com.br\/en\/blog\/#breadcrumb","itemListElement":[{"@type":"ListItem","position":1,"name":"In\u00edcio","item":"https:\/\/ldalaw.com.br\/en\/"},{"@type":"ListItem","position":2,"name":"Blog"}]},{"@type":"WebSite","@id":"https:\/\/ldalaw.com.br\/en\/#website","url":"https:\/\/ldalaw.com.br\/en\/","name":"Lima de Athayde Advocacia","description":"Nos chamamos Lima de Athayde e somos um escrit\u00f3rio de advocacia movido por desafios e pela paix\u00e3o pelo que fazemos.  Atuamos na intersec\u00e7\u00e3o da inova\u00e7\u00e3o e do empreendedorismo, motivo pelo qual somos naturalmente direcionados a atender demandas de alto valor agregado, as quais exigem solu\u00e7\u00f5es precisas e eficazes. Nossa pr\u00e1tica n\u00e3o se limita \u00e0 resolu\u00e7\u00e3o de conflitos; buscamos incansavelmente mapear riscos, prevenir preju\u00edzos e identificar oportunidades, abra\u00e7ando nossos clientes e suas metas como sendo nossas.","publisher":{"@id":"https:\/\/ldalaw.com.br\/en\/#organization"},"potentialAction":[{"@type":"SearchAction","target":{"@type":"EntryPoint","urlTemplate":"https:\/\/ldalaw.com.br\/en\/?s={search_term_string}"},"query-input":{"@type":"PropertyValueSpecification","valueRequired":true,"valueName":"search_term_string"}}],"inLanguage":"pt-BR"},{"@type":"Organization","@id":"https:\/\/ldalaw.com.br\/en\/#organization","name":"Lima de Athayde Advocacia","url":"https:\/\/ldalaw.com.br\/en\/","logo":{"@type":"ImageObject","inLanguage":"pt-BR","@id":"https:\/\/ldalaw.com.br\/en\/#\/schema\/logo\/image\/","url":"https:\/\/ldalaw.com.br\/en\/wp-content\/uploads\/2021\/03\/LogoLima.png","contentUrl":"https:\/\/ldalaw.com.br\/en\/wp-content\/uploads\/2021\/03\/LogoLima.png","width":2348,"height":274,"caption":"Lima de Athayde Advocacia"},"image":{"@id":"https:\/\/ldalaw.com.br\/en\/#\/schema\/logo\/image\/"}}]}},"_links":{"self":[{"href":"https:\/\/ldalaw.com.br\/en\/wp-json\/wp\/v2\/pages\/52","targetHints":{"allow":["GET"]}}],"collection":[{"href":"https:\/\/ldalaw.com.br\/en\/wp-json\/wp\/v2\/pages"}],"about":[{"href":"https:\/\/ldalaw.com.br\/en\/wp-json\/wp\/v2\/types\/page"}],"author":[{"embeddable":true,"href":"https:\/\/ldalaw.com.br\/en\/wp-json\/wp\/v2\/users\/1"}],"replies":[{"embeddable":true,"href":"https:\/\/ldalaw.com.br\/en\/wp-json\/wp\/v2\/comments?post=52"}],"version-history":[{"count":91,"href":"https:\/\/ldalaw.com.br\/en\/wp-json\/wp\/v2\/pages\/52\/revisions"}],"predecessor-version":[{"id":2740,"href":"https:\/\/ldalaw.com.br\/en\/wp-json\/wp\/v2\/pages\/52\/revisions\/2740"}],"wp:attachment":[{"href":"https:\/\/ldalaw.com.br\/en\/wp-json\/wp\/v2\/media?parent=52"}],"curies":[{"name":"wp","href":"https:\/\/api.w.org\/{rel}","templated":true}]}}