{"id":48,"date":"2021-03-13T11:41:48","date_gmt":"2021-03-13T11:41:48","guid":{"rendered":"https:\/\/limadeathayde.com.br\/?page_id=48"},"modified":"2023-02-27T15:07:26","modified_gmt":"2023-02-27T15:07:26","slug":"practice","status":"publish","type":"page","link":"https:\/\/ldalaw.com.br\/en\/practice\/","title":{"rendered":"PRACTICE"},"content":{"rendered":"\t\t<div data-elementor-type=\"wp-page\" data-elementor-id=\"48\" class=\"elementor elementor-48\">\n\t\t\t\t\t\t<section class=\"elementor-section elementor-top-section elementor-element elementor-element-73a13ff elementor-section-boxed elementor-section-height-default elementor-section-height-default\" data-id=\"73a13ff\" data-element_type=\"section\" data-settings=\"{&quot;background_background&quot;:&quot;classic&quot;}\">\n\t\t\t\t\t\t<div class=\"elementor-container elementor-column-gap-default\">\n\t\t\t\t\t<div class=\"elementor-column elementor-col-100 elementor-top-column elementor-element elementor-element-53d8699\" data-id=\"53d8699\" data-element_type=\"column\">\n\t\t\t<div class=\"elementor-widget-wrap elementor-element-populated\">\n\t\t\t\t\t\t<div class=\"elementor-element elementor-element-5ceff6f elementor-widget elementor-widget-slider_revolution\" data-id=\"5ceff6f\" data-element_type=\"widget\" data-widget_type=\"slider_revolution.default\">\n\t\t\t\t<div class=\"elementor-widget-container\">\n\t\t\t\t\t\n\t\t<div class=\"wp-block-themepunch-revslider\">\n\t\t\t<!-- START Atua\u00e7\u00e3o REVOLUTION SLIDER 6.5.8 --><p class=\"rs-p-wp-fix\"><\/p>\n\t\t\t<rs-module-wrap id=\"rev_slider_4_1_wrapper\" data-source=\"gallery\" style=\"visibility:hidden;background:transparent;padding:0;margin:0px auto;margin-top:0;margin-bottom:0;\">\n\t\t\t\t<rs-module id=\"rev_slider_4_1\" style=\"\" data-version=\"6.5.8\">\n\t\t\t\t\t<rs-slides>\n\t\t\t\t\t\t<rs-slide style=\"position: absolute;\" data-key=\"rs-4\" data-title=\"Slide\" data-in=\"o:0;\" data-out=\"a:false;\">\n\t\t\t\t\t\t\t<img fetchpriority=\"high\" decoding=\"async\" src=\"\/\/ldalaw.com.br\/en\/wp-content\/plugins\/revslider\/public\/assets\/assets\/dummy.png\" title=\"Processed with VSCO with a6 preset\" width=\"2560\" height=\"1708\" class=\"rev-slidebg tp-rs-img rs-lazyload\" data-lazyload=\"\/\/limadeathayde.com.br\/wp-content\/uploads\/2021\/08\/business-tower-of-the-meetings-for-businessman-and-businesswoman-in-the-centre-of-the-city-berlin_t20_OxpaPb-scaled.jpg\" data-no-retina>\n<!--\n\t\t\t\t\t\t\t--><rs-layer\n\t\t\t\t\t\t\t\tid=\"slider-4-slide-4-layer-0\" \n\t\t\t\t\t\t\t\tdata-type=\"text\"\n\t\t\t\t\t\t\t\tdata-rsp_ch=\"on\"\n\t\t\t\t\t\t\t\tdata-xy=\"xo:39px,39px,39px,22px;yo:154px,154px,154px,81px;\"\n\t\t\t\t\t\t\t\tdata-text=\"w:normal;s:50,50,50,29;l:64,64,64,37;\"\n\t\t\t\t\t\t\t\tdata-frame_0=\"x:0,0,0,0px;y:50,50,50,29px;\"\n\t\t\t\t\t\t\t\tdata-frame_1=\"x:0,0,0,0px;y:0,0,0,0px;sp:1000;\"\n\t\t\t\t\t\t\t\tdata-frame_999=\"o:0;st:w;\"\n\t\t\t\t\t\t\t\tstyle=\"z-index:9;font-family:'Arial', 'Helvetica', 'sans-serif';text-transform:uppercase;\"\n\t\t\t\t\t\t\t>practice \n\t\t\t\t\t\t\t<\/rs-layer><!--\n\n\t\t\t\t\t\t\t--><rs-layer\n\t\t\t\t\t\t\t\tid=\"slider-4-slide-4-layer-1\" \n\t\t\t\t\t\t\t\tdata-type=\"shape\"\n\t\t\t\t\t\t\t\tdata-rsp_ch=\"on\"\n\t\t\t\t\t\t\t\tdata-xy=\"xo:-590px,-590px,-590px,-228px;yo:-39px,-39px,-39px,-14px;\"\n\t\t\t\t\t\t\t\tdata-text=\"w:normal;s:20,20,20,7;l:0,0,0,9;\"\n\t\t\t\t\t\t\t\tdata-dim=\"w:2344.98px,2344.98px,2344.98px,906px;h:426px,426px,426px,223px;\"\n\t\t\t\t\t\t\t\tdata-frame_999=\"o:0;st:w;\"\n\t\t\t\t\t\t\t\tstyle=\"z-index:8;background-color:rgba(0,0,0,0.25);\"\n\t\t\t\t\t\t\t> \n\t\t\t\t\t\t\t<\/rs-layer><!--\n-->\t\t\t\t\t\t<\/rs-slide>\n\t\t\t\t\t<\/rs-slides>\n\t\t\t\t<\/rs-module>\n\t\t\t\t<script type=\"text\/javascript\">\n\t\t\t\t\tsetREVStartSize({c: 'rev_slider_4_1',rl:[1240,1240,1240,480],el:[350,350,350,180],gw:[1240,1240,1240,480],gh:[350,350,350,180],type:'standard',justify:'',layout:'fullwidth',mh:\"0\"});if (window.RS_MODULES!==undefined && window.RS_MODULES.modules!==undefined && window.RS_MODULES.modules[\"revslider41\"]!==undefined) {window.RS_MODULES.modules[\"revslider41\"].once = false;window.revapi4 = undefined;if (window.RS_MODULES.checkMinimal!==undefined) window.RS_MODULES.checkMinimal()}\n\t\t\t\t<\/script>\n\t\t\t<\/rs-module-wrap>\n\t\t\t<!-- END REVOLUTION SLIDER -->\n<\/div>\n\n\t\t\t\t\t\t<\/div>\n\t\t\t\t<\/div>\n\t\t\t\t\t<\/div>\n\t\t<\/div>\n\t\t\t\t\t<\/div>\n\t\t<\/section>\n\t\t\t\t<section class=\"elementor-section elementor-top-section elementor-element elementor-element-7cc1983 elementor-section-height-min-height elementor-section-boxed elementor-section-height-default elementor-section-items-middle\" data-id=\"7cc1983\" data-element_type=\"section\">\n\t\t\t\t\t\t<div class=\"elementor-container elementor-column-gap-default\">\n\t\t\t\t\t<div class=\"elementor-column elementor-col-100 elementor-top-column elementor-element elementor-element-3543d4a\" data-id=\"3543d4a\" data-element_type=\"column\">\n\t\t\t<div class=\"elementor-widget-wrap elementor-element-populated\">\n\t\t\t\t\t\t<div class=\"elementor-element elementor-element-8cf0521 elementor-widget elementor-widget-text-editor\" data-id=\"8cf0521\" data-element_type=\"widget\" data-widget_type=\"text-editor.default\">\n\t\t\t\t<div class=\"elementor-widget-container\">\n\t\t\t\t\t\t\t\t\t<p>We always strive for high legal performance, reason why we deliver precise and effective solutions that allows businesses to develop.<\/p>\n<p>Our first step is to understand our client\u2019s businesses in order to identify its legal needs.<\/p>\n<p>Thus, looking forward to complying with our purpose of walking side-by-side with our clients, our practice areas are:<\/p>\t\t\t\t\t\t\t\t<\/div>\n\t\t\t\t<\/div>\n\t\t\t\t\t<\/div>\n\t\t<\/div>\n\t\t\t\t\t<\/div>\n\t\t<\/section>\n\t\t\t\t<section class=\"elementor-section elementor-top-section elementor-element elementor-element-c0e9c0a elementor-section-boxed elementor-section-height-default elementor-section-height-default\" data-id=\"c0e9c0a\" data-element_type=\"section\">\n\t\t\t\t\t\t<div class=\"elementor-container elementor-column-gap-default\">\n\t\t\t\t\t<div class=\"elementor-column elementor-col-50 elementor-top-column elementor-element elementor-element-a82ce27\" data-id=\"a82ce27\" data-element_type=\"column\">\n\t\t\t<div class=\"elementor-widget-wrap elementor-element-populated\">\n\t\t\t\t\t\t<div class=\"elementor-element elementor-element-8e1a21c elementor-align-center elementor-widget elementor-widget-button\" data-id=\"8e1a21c\" data-element_type=\"widget\" data-widget_type=\"button.default\">\n\t\t\t\t<div class=\"elementor-widget-container\">\n\t\t\t\t\t\t\t\t\t<div class=\"elementor-button-wrapper\">\n\t\t\t\t\t<a class=\"elementor-button elementor-button-link elementor-size-xl\" href=\"https:\/\/ldalaw.com.br\/en\/intellectual-property\/\">\n\t\t\t\t\t\t<span class=\"elementor-button-content-wrapper\">\n\t\t\t\t\t\t\t\t\t<span class=\"elementor-button-text\">Intellectual Property<\/span>\n\t\t\t\t\t<\/span>\n\t\t\t\t\t<\/a>\n\t\t\t\t<\/div>\n\t\t\t\t\t\t\t\t<\/div>\n\t\t\t\t<\/div>\n\t\t\t\t\t<\/div>\n\t\t<\/div>\n\t\t\t\t<div class=\"elementor-column elementor-col-50 elementor-top-column elementor-element elementor-element-a4cfb90\" data-id=\"a4cfb90\" data-element_type=\"column\">\n\t\t\t<div class=\"elementor-widget-wrap elementor-element-populated\">\n\t\t\t\t\t\t<div class=\"elementor-element elementor-element-6102069 elementor-align-center elementor-widget elementor-widget-button\" data-id=\"6102069\" data-element_type=\"widget\" data-widget_type=\"button.default\">\n\t\t\t\t<div class=\"elementor-widget-container\">\n\t\t\t\t\t\t\t\t\t<div class=\"elementor-button-wrapper\">\n\t\t\t\t\t<a class=\"elementor-button elementor-button-link elementor-size-xl\" href=\"https:\/\/ldalaw.com.br\/en\/franchising\/\">\n\t\t\t\t\t\t<span class=\"elementor-button-content-wrapper\">\n\t\t\t\t\t\t\t\t\t<span class=\"elementor-button-text\">FRANCHISING<\/span>\n\t\t\t\t\t<\/span>\n\t\t\t\t\t<\/a>\n\t\t\t\t<\/div>\n\t\t\t\t\t\t\t\t<\/div>\n\t\t\t\t<\/div>\n\t\t\t\t\t<\/div>\n\t\t<\/div>\n\t\t\t\t\t<\/div>\n\t\t<\/section>\n\t\t\t\t<section class=\"elementor-section elementor-top-section elementor-element elementor-element-8f9ca04 elementor-section-boxed elementor-section-height-default elementor-section-height-default\" data-id=\"8f9ca04\" data-element_type=\"section\">\n\t\t\t\t\t\t<div class=\"elementor-container elementor-column-gap-default\">\n\t\t\t\t\t<div class=\"elementor-column elementor-col-50 elementor-top-column elementor-element elementor-element-da37953\" data-id=\"da37953\" data-element_type=\"column\">\n\t\t\t<div class=\"elementor-widget-wrap elementor-element-populated\">\n\t\t\t\t\t\t<div class=\"elementor-element elementor-element-19976c9 elementor-align-center elementor-widget elementor-widget-button\" data-id=\"19976c9\" data-element_type=\"widget\" data-widget_type=\"button.default\">\n\t\t\t\t<div class=\"elementor-widget-container\">\n\t\t\t\t\t\t\t\t\t<div class=\"elementor-button-wrapper\">\n\t\t\t\t\t<a class=\"elementor-button elementor-button-link elementor-size-xl\" href=\"https:\/\/ldalaw.com.br\/en\/business-private-law\/\">\n\t\t\t\t\t\t<span class=\"elementor-button-content-wrapper\">\n\t\t\t\t\t\t\t\t\t<span class=\"elementor-button-text\">Business Private Law<\/span>\n\t\t\t\t\t<\/span>\n\t\t\t\t\t<\/a>\n\t\t\t\t<\/div>\n\t\t\t\t\t\t\t\t<\/div>\n\t\t\t\t<\/div>\n\t\t\t\t\t<\/div>\n\t\t<\/div>\n\t\t\t\t<div class=\"elementor-column elementor-col-50 elementor-top-column elementor-element elementor-element-56e2292\" data-id=\"56e2292\" data-element_type=\"column\">\n\t\t\t<div class=\"elementor-widget-wrap elementor-element-populated\">\n\t\t\t\t\t\t<div class=\"elementor-element elementor-element-45d4e21 elementor-align-center elementor-widget elementor-widget-button\" data-id=\"45d4e21\" data-element_type=\"widget\" data-widget_type=\"button.default\">\n\t\t\t\t<div class=\"elementor-widget-container\">\n\t\t\t\t\t\t\t\t\t<div class=\"elementor-button-wrapper\">\n\t\t\t\t\t<a class=\"elementor-button elementor-button-link elementor-size-xl\" href=\"https:\/\/ldalaw.com.br\/en\/startups\/\">\n\t\t\t\t\t\t<span class=\"elementor-button-content-wrapper\">\n\t\t\t\t\t\t\t\t\t<span class=\"elementor-button-text\">STARTUPS<\/span>\n\t\t\t\t\t<\/span>\n\t\t\t\t\t<\/a>\n\t\t\t\t<\/div>\n\t\t\t\t\t\t\t\t<\/div>\n\t\t\t\t<\/div>\n\t\t\t\t\t<\/div>\n\t\t<\/div>\n\t\t\t\t\t<\/div>\n\t\t<\/section>\n\t\t\t\t<section class=\"elementor-section elementor-top-section elementor-element elementor-element-679d9eb elementor-section-boxed elementor-section-height-default elementor-section-height-default\" data-id=\"679d9eb\" data-element_type=\"section\">\n\t\t\t\t\t\t<div class=\"elementor-container elementor-column-gap-default\">\n\t\t\t\t\t<div class=\"elementor-column elementor-col-50 elementor-top-column elementor-element elementor-element-543ee09\" data-id=\"543ee09\" data-element_type=\"column\">\n\t\t\t<div class=\"elementor-widget-wrap elementor-element-populated\">\n\t\t\t\t\t\t<div class=\"elementor-element elementor-element-f4af918 elementor-align-center elementor-widget elementor-widget-button\" data-id=\"f4af918\" data-element_type=\"widget\" data-widget_type=\"button.default\">\n\t\t\t\t<div class=\"elementor-widget-container\">\n\t\t\t\t\t\t\t\t\t<div class=\"elementor-button-wrapper\">\n\t\t\t\t\t<a class=\"elementor-button elementor-button-link elementor-size-xl\" href=\"https:\/\/ldalaw.com.br\/en\/corporate-and-mea\/\">\n\t\t\t\t\t\t<span class=\"elementor-button-content-wrapper\">\n\t\t\t\t\t\t\t\t\t<span class=\"elementor-button-text\">Corporate and M&A<\/span>\n\t\t\t\t\t<\/span>\n\t\t\t\t\t<\/a>\n\t\t\t\t<\/div>\n\t\t\t\t\t\t\t\t<\/div>\n\t\t\t\t<\/div>\n\t\t\t\t\t<\/div>\n\t\t<\/div>\n\t\t\t\t<div class=\"elementor-column elementor-col-50 elementor-top-column elementor-element elementor-element-377acd2\" data-id=\"377acd2\" data-element_type=\"column\">\n\t\t\t<div class=\"elementor-widget-wrap elementor-element-populated\">\n\t\t\t\t\t\t<div class=\"elementor-element elementor-element-76e1ef6 elementor-align-center elementor-widget elementor-widget-button\" data-id=\"76e1ef6\" data-element_type=\"widget\" data-widget_type=\"button.default\">\n\t\t\t\t<div class=\"elementor-widget-container\">\n\t\t\t\t\t\t\t\t\t<div class=\"elementor-button-wrapper\">\n\t\t\t\t\t<a class=\"elementor-button elementor-button-link elementor-size-xl\" href=\"https:\/\/ldalaw.com.br\/en\/data-privacy-and-protection\/\">\n\t\t\t\t\t\t<span class=\"elementor-button-content-wrapper\">\n\t\t\t\t\t\t\t\t\t<span class=\"elementor-button-text\">Data Privacy and Protection<\/span>\n\t\t\t\t\t<\/span>\n\t\t\t\t\t<\/a>\n\t\t\t\t<\/div>\n\t\t\t\t\t\t\t\t<\/div>\n\t\t\t\t<\/div>\n\t\t\t\t\t<\/div>\n\t\t<\/div>\n\t\t\t\t\t<\/div>\n\t\t<\/section>\n\t\t\t\t<\/div>\n\t\t","protected":false},"excerpt":{"rendered":"<p>We always strive for high legal performance, reason why we deliver precise and effective solutions that allows businesses to develop. Our first step is to understand our client\u2019s businesses in order to identify its legal needs. Thus, looking forward to complying with our purpose of walking side-by-side with our clients, our practice areas are: Intellectual [&hellip;]<\/p>\n","protected":false},"author":1,"featured_media":0,"parent":0,"menu_order":0,"comment_status":"closed","ping_status":"closed","template":"","meta":{"ocean_post_layout":"","ocean_both_sidebars_style":"","ocean_both_sidebars_content_width":0,"ocean_both_sidebars_sidebars_width":0,"ocean_sidebar":"0","ocean_second_sidebar":"0","ocean_disable_margins":"enable","ocean_add_body_class":"","ocean_shortcode_before_top_bar":"","ocean_shortcode_after_top_bar":"","ocean_shortcode_before_header":"","ocean_shortcode_after_header":"","ocean_has_shortcode":"","ocean_shortcode_after_title":"","ocean_shortcode_before_footer_widgets":"","ocean_shortcode_after_footer_widgets":"","ocean_shortcode_before_footer_bottom":"","ocean_shortcode_after_footer_bottom":"","ocean_display_top_bar":"default","ocean_display_header":"default","ocean_header_style":"","ocean_center_header_left_menu":"0","ocean_custom_header_template":"0","ocean_custom_logo":0,"ocean_custom_retina_logo":0,"ocean_custom_logo_max_width":0,"ocean_custom_logo_tablet_max_width":0,"ocean_custom_logo_mobile_max_width":0,"ocean_custom_logo_max_height":0,"ocean_custom_logo_tablet_max_height":0,"ocean_custom_logo_mobile_max_height":0,"ocean_header_custom_menu":"0","ocean_menu_typo_font_family":"0","ocean_menu_typo_font_subset":"","ocean_menu_typo_font_size":0,"ocean_menu_typo_font_size_tablet":0,"ocean_menu_typo_font_size_mobile":0,"ocean_menu_typo_font_size_unit":"px","ocean_menu_typo_font_weight":"","ocean_menu_typo_font_weight_tablet":"","ocean_menu_typo_font_weight_mobile":"","ocean_menu_typo_transform":"","ocean_menu_typo_transform_tablet":"","ocean_menu_typo_transform_mobile":"","ocean_menu_typo_line_height":0,"ocean_menu_typo_line_height_tablet":0,"ocean_menu_typo_line_height_mobile":0,"ocean_menu_typo_line_height_unit":"","ocean_menu_typo_spacing":0,"ocean_menu_typo_spacing_tablet":0,"ocean_menu_typo_spacing_mobile":0,"ocean_menu_typo_spacing_unit":"","ocean_menu_link_color":"","ocean_menu_link_color_hover":"","ocean_menu_link_color_active":"","ocean_menu_link_background":"","ocean_menu_link_hover_background":"","ocean_menu_link_active_background":"","ocean_menu_social_links_bg":"","ocean_menu_social_hover_links_bg":"","ocean_menu_social_links_color":"","ocean_menu_social_hover_links_color":"","ocean_disable_title":"default","ocean_disable_heading":"default","ocean_post_title":"","ocean_post_subheading":"","ocean_post_title_style":"","ocean_post_title_background_color":"","ocean_post_title_background":0,"ocean_post_title_bg_image_position":"","ocean_post_title_bg_image_attachment":"","ocean_post_title_bg_image_repeat":"","ocean_post_title_bg_image_size":"","ocean_post_title_height":0,"ocean_post_title_bg_overlay":0.5,"ocean_post_title_bg_overlay_color":"","ocean_disable_breadcrumbs":"default","ocean_breadcrumbs_color":"","ocean_breadcrumbs_separator_color":"","ocean_breadcrumbs_links_color":"","ocean_breadcrumbs_links_hover_color":"","ocean_display_footer_widgets":"default","ocean_display_footer_bottom":"default","ocean_custom_footer_template":"0","_joinchat":[],"footnotes":""},"class_list":["post-48","page","type-page","status-publish","hentry","entry"],"yoast_head":"<!-- This site is optimized with the Yoast SEO plugin v27.2 - https:\/\/yoast.com\/product\/yoast-seo-wordpress\/ -->\n<title>PRACTICE | Lima de Athayde Advocacia<\/title>\n<meta name=\"robots\" content=\"index, follow, max-snippet:-1, max-image-preview:large, max-video-preview:-1\" \/>\n<link rel=\"canonical\" href=\"https:\/\/ldalaw.com.br\/en\/practice\/\" \/>\n<meta property=\"og:locale\" content=\"pt_BR\" \/>\n<meta property=\"og:type\" content=\"article\" \/>\n<meta property=\"og:title\" content=\"PRACTICE | Lima de Athayde Advocacia\" \/>\n<meta property=\"og:description\" content=\"We always strive for high legal performance, reason why we deliver precise and effective solutions that allows businesses to develop. Our first step is to understand our client\u2019s businesses in order to identify its legal needs. Thus, looking forward to complying with our purpose of walking side-by-side with our clients, our practice areas are: Intellectual [&hellip;]\" \/>\n<meta property=\"og:url\" content=\"https:\/\/ldalaw.com.br\/en\/practice\/\" \/>\n<meta property=\"og:site_name\" content=\"Lima de Athayde Advocacia\" \/>\n<meta property=\"article:modified_time\" content=\"2023-02-27T15:07:26+00:00\" \/>\n<meta name=\"twitter:card\" content=\"summary_large_image\" \/>\n<meta name=\"twitter:label1\" content=\"Est. tempo de leitura\" \/>\n\t<meta name=\"twitter:data1\" content=\"1 minuto\" \/>\n<script type=\"application\/ld+json\" class=\"yoast-schema-graph\">{\"@context\":\"https:\/\/schema.org\",\"@graph\":[{\"@type\":\"WebPage\",\"@id\":\"https:\/\/ldalaw.com.br\/en\/practice\/\",\"url\":\"https:\/\/ldalaw.com.br\/en\/practice\/\",\"name\":\"PRACTICE | Lima de Athayde Advocacia\",\"isPartOf\":{\"@id\":\"https:\/\/ldalaw.com.br\/en\/#website\"},\"datePublished\":\"2021-03-13T11:41:48+00:00\",\"dateModified\":\"2023-02-27T15:07:26+00:00\",\"breadcrumb\":{\"@id\":\"https:\/\/ldalaw.com.br\/en\/practice\/#breadcrumb\"},\"inLanguage\":\"pt-BR\",\"potentialAction\":[{\"@type\":\"ReadAction\",\"target\":[\"https:\/\/ldalaw.com.br\/en\/practice\/\"]}]},{\"@type\":\"BreadcrumbList\",\"@id\":\"https:\/\/ldalaw.com.br\/en\/practice\/#breadcrumb\",\"itemListElement\":[{\"@type\":\"ListItem\",\"position\":1,\"name\":\"In\u00edcio\",\"item\":\"https:\/\/ldalaw.com.br\/en\/\"},{\"@type\":\"ListItem\",\"position\":2,\"name\":\"PRACTICE\"}]},{\"@type\":\"WebSite\",\"@id\":\"https:\/\/ldalaw.com.br\/en\/#website\",\"url\":\"https:\/\/ldalaw.com.br\/en\/\",\"name\":\"Lima de Athayde Advocacia\",\"description\":\"Nos chamamos Lima de Athayde e somos um escrit\u00f3rio de advocacia movido por desafios e pela paix\u00e3o pelo que fazemos.  Atuamos na intersec\u00e7\u00e3o da inova\u00e7\u00e3o e do empreendedorismo, motivo pelo qual somos naturalmente direcionados a atender demandas de alto valor agregado, as quais exigem solu\u00e7\u00f5es precisas e eficazes. Nossa pr\u00e1tica n\u00e3o se limita \u00e0 resolu\u00e7\u00e3o de conflitos; buscamos incansavelmente mapear riscos, prevenir preju\u00edzos e identificar oportunidades, abra\u00e7ando nossos clientes e suas metas como sendo nossas.\",\"publisher\":{\"@id\":\"https:\/\/ldalaw.com.br\/en\/#organization\"},\"potentialAction\":[{\"@type\":\"SearchAction\",\"target\":{\"@type\":\"EntryPoint\",\"urlTemplate\":\"https:\/\/ldalaw.com.br\/en\/?s={search_term_string}\"},\"query-input\":{\"@type\":\"PropertyValueSpecification\",\"valueRequired\":true,\"valueName\":\"search_term_string\"}}],\"inLanguage\":\"pt-BR\"},{\"@type\":\"Organization\",\"@id\":\"https:\/\/ldalaw.com.br\/en\/#organization\",\"name\":\"Lima de Athayde Advocacia\",\"url\":\"https:\/\/ldalaw.com.br\/en\/\",\"logo\":{\"@type\":\"ImageObject\",\"inLanguage\":\"pt-BR\",\"@id\":\"https:\/\/ldalaw.com.br\/en\/#\/schema\/logo\/image\/\",\"url\":\"https:\/\/ldalaw.com.br\/en\/wp-content\/uploads\/2021\/03\/LogoLima.png\",\"contentUrl\":\"https:\/\/ldalaw.com.br\/en\/wp-content\/uploads\/2021\/03\/LogoLima.png\",\"width\":2348,\"height\":274,\"caption\":\"Lima de Athayde Advocacia\"},\"image\":{\"@id\":\"https:\/\/ldalaw.com.br\/en\/#\/schema\/logo\/image\/\"}}]}<\/script>\n<!-- \/ Yoast SEO plugin. -->","yoast_head_json":{"title":"PRACTICE | Lima de Athayde Advocacia","robots":{"index":"index","follow":"follow","max-snippet":"max-snippet:-1","max-image-preview":"max-image-preview:large","max-video-preview":"max-video-preview:-1"},"canonical":"https:\/\/ldalaw.com.br\/en\/practice\/","og_locale":"pt_BR","og_type":"article","og_title":"PRACTICE | Lima de Athayde Advocacia","og_description":"We always strive for high legal performance, reason why we deliver precise and effective solutions that allows businesses to develop. Our first step is to understand our client\u2019s businesses in order to identify its legal needs. Thus, looking forward to complying with our purpose of walking side-by-side with our clients, our practice areas are: Intellectual [&hellip;]","og_url":"https:\/\/ldalaw.com.br\/en\/practice\/","og_site_name":"Lima de Athayde Advocacia","article_modified_time":"2023-02-27T15:07:26+00:00","twitter_card":"summary_large_image","twitter_misc":{"Est. tempo de leitura":"1 minuto"},"schema":{"@context":"https:\/\/schema.org","@graph":[{"@type":"WebPage","@id":"https:\/\/ldalaw.com.br\/en\/practice\/","url":"https:\/\/ldalaw.com.br\/en\/practice\/","name":"PRACTICE | Lima de Athayde Advocacia","isPartOf":{"@id":"https:\/\/ldalaw.com.br\/en\/#website"},"datePublished":"2021-03-13T11:41:48+00:00","dateModified":"2023-02-27T15:07:26+00:00","breadcrumb":{"@id":"https:\/\/ldalaw.com.br\/en\/practice\/#breadcrumb"},"inLanguage":"pt-BR","potentialAction":[{"@type":"ReadAction","target":["https:\/\/ldalaw.com.br\/en\/practice\/"]}]},{"@type":"BreadcrumbList","@id":"https:\/\/ldalaw.com.br\/en\/practice\/#breadcrumb","itemListElement":[{"@type":"ListItem","position":1,"name":"In\u00edcio","item":"https:\/\/ldalaw.com.br\/en\/"},{"@type":"ListItem","position":2,"name":"PRACTICE"}]},{"@type":"WebSite","@id":"https:\/\/ldalaw.com.br\/en\/#website","url":"https:\/\/ldalaw.com.br\/en\/","name":"Lima de Athayde Advocacia","description":"Nos chamamos Lima de Athayde e somos um escrit\u00f3rio de advocacia movido por desafios e pela paix\u00e3o pelo que fazemos.  Atuamos na intersec\u00e7\u00e3o da inova\u00e7\u00e3o e do empreendedorismo, motivo pelo qual somos naturalmente direcionados a atender demandas de alto valor agregado, as quais exigem solu\u00e7\u00f5es precisas e eficazes. Nossa pr\u00e1tica n\u00e3o se limita \u00e0 resolu\u00e7\u00e3o de conflitos; buscamos incansavelmente mapear riscos, prevenir preju\u00edzos e identificar oportunidades, abra\u00e7ando nossos clientes e suas metas como sendo nossas.","publisher":{"@id":"https:\/\/ldalaw.com.br\/en\/#organization"},"potentialAction":[{"@type":"SearchAction","target":{"@type":"EntryPoint","urlTemplate":"https:\/\/ldalaw.com.br\/en\/?s={search_term_string}"},"query-input":{"@type":"PropertyValueSpecification","valueRequired":true,"valueName":"search_term_string"}}],"inLanguage":"pt-BR"},{"@type":"Organization","@id":"https:\/\/ldalaw.com.br\/en\/#organization","name":"Lima de Athayde Advocacia","url":"https:\/\/ldalaw.com.br\/en\/","logo":{"@type":"ImageObject","inLanguage":"pt-BR","@id":"https:\/\/ldalaw.com.br\/en\/#\/schema\/logo\/image\/","url":"https:\/\/ldalaw.com.br\/en\/wp-content\/uploads\/2021\/03\/LogoLima.png","contentUrl":"https:\/\/ldalaw.com.br\/en\/wp-content\/uploads\/2021\/03\/LogoLima.png","width":2348,"height":274,"caption":"Lima de Athayde Advocacia"},"image":{"@id":"https:\/\/ldalaw.com.br\/en\/#\/schema\/logo\/image\/"}}]}},"_links":{"self":[{"href":"https:\/\/ldalaw.com.br\/en\/wp-json\/wp\/v2\/pages\/48","targetHints":{"allow":["GET"]}}],"collection":[{"href":"https:\/\/ldalaw.com.br\/en\/wp-json\/wp\/v2\/pages"}],"about":[{"href":"https:\/\/ldalaw.com.br\/en\/wp-json\/wp\/v2\/types\/page"}],"author":[{"embeddable":true,"href":"https:\/\/ldalaw.com.br\/en\/wp-json\/wp\/v2\/users\/1"}],"replies":[{"embeddable":true,"href":"https:\/\/ldalaw.com.br\/en\/wp-json\/wp\/v2\/comments?post=48"}],"version-history":[{"count":138,"href":"https:\/\/ldalaw.com.br\/en\/wp-json\/wp\/v2\/pages\/48\/revisions"}],"predecessor-version":[{"id":2784,"href":"https:\/\/ldalaw.com.br\/en\/wp-json\/wp\/v2\/pages\/48\/revisions\/2784"}],"wp:attachment":[{"href":"https:\/\/ldalaw.com.br\/en\/wp-json\/wp\/v2\/media?parent=48"}],"curies":[{"name":"wp","href":"https:\/\/api.w.org\/{rel}","templated":true}]}}